{"id":2,"date":"2025-09-21T21:19:23","date_gmt":"2025-09-21T19:19:23","guid":{"rendered":"http:\/\/dariajordan.eu\/?page_id=2"},"modified":"2026-03-07T01:34:35","modified_gmt":"2026-03-06T23:34:35","slug":"profil","status":"publish","type":"page","link":"https:\/\/dariajordan.eu\/index.php\/profil\/","title":{"rendered":"Profil"},"content":{"rendered":"\n<p class=\"p1\"><\/p>\n\n\n\n<blockquote class=\"wp-block-quote is-layout-flow wp-block-quote-is-layout-flow\">\n<p class=\"p1\">Mein Name ist Daria Jordan. 2004 wurde ich geboren und seit 2024 studiere ich Bildende Kunst an der Burg Giebichenstein in Halle.<\/p>\n\n\n\n<p class=\"p1\"><br \/>Kunst begleitet mich, seit ich denken kann. Besonders nah f\u00fchle ich mich der Malerei, die schon immer meine Lieblingssprache ist.<br \/>Doch auch Zeichnung, Druckgrafik, Fotografie, Film und seit einiger Zeit das Schaffen von Objektkunst bringen mein Herz zum H\u00fcpfen.<\/p>\n\n\n\n<p class=\"p1\">Ich liebe es, meine Fantasiebilder exakt und bis ins Detail auszuarbeiten. Gleichzeitig sch\u00e4tze ich Ergebnisoffenheit und Intuition. So entstehen Arbeiten, in denen spielerische Freiheit auf kompromisslose Pr\u00e4zision trifft.<\/p>\n\n\n\n<p class=\"p1\">Themen, die mir dabei immer wieder begegnen, sind Illusion, Sehnsucht und Unschuld. Diese Begriffe halte ich bewusst offen, denn ich w\u00fcnsche mir, dass meine Arbeiten Raum lassen, um ganz individuellen Assoziationen und Gef\u00fchlen Formen zu verleihen.<\/p>\n\n\n\n<p class=\"p1\">Als K\u00fcnstlerin m\u00f6chte ich ausprobieren, ergr\u00fcnden, sehen und empfinden. Immer wieder neu.<\/p>\n<\/blockquote>\n\n\n\n<p><\/p>\n\n\n\n<figure class=\"wp-block-image size-large\"><img loading=\"lazy\" decoding=\"async\" width=\"1024\" height=\"1024\" src=\"https:\/\/dariajordan.eu\/wp-content\/uploads\/2026\/03\/img_9918-2-1024x1024.jpg\" alt=\"\" class=\"wp-image-431\" srcset=\"https:\/\/dariajordan.eu\/wp-content\/uploads\/2026\/03\/img_9918-2-1024x1024.jpg 1024w, https:\/\/dariajordan.eu\/wp-content\/uploads\/2026\/03\/img_9918-2-300x300.jpg 300w, https:\/\/dariajordan.eu\/wp-content\/uploads\/2026\/03\/img_9918-2-150x150.jpg 150w, https:\/\/dariajordan.eu\/wp-content\/uploads\/2026\/03\/img_9918-2-768x768.jpg 768w, https:\/\/dariajordan.eu\/wp-content\/uploads\/2026\/03\/img_9918-2-1536x1536.jpg 1536w, https:\/\/dariajordan.eu\/wp-content\/uploads\/2026\/03\/img_9918-2.jpg 2000w\" sizes=\"auto, (max-width: 1024px) 100vw, 1024px\" \/><\/figure>\n","protected":false},"excerpt":{"rendered":"<p>Mein Name ist Daria Jordan. 2004 wurde ich geboren und seit 2024 studiere ich Bildende Kunst an der Burg Giebichenstein in Halle. Kunst begleitet mich, seit ich denken kann. Besonders nah f\u00fchle ich mich der Malerei, die schon immer meine Lieblingssprache ist.Doch auch Zeichnung, Druckgrafik, Fotografie, Film und seit einiger Zeit das Schaffen von Objektkunst [&hellip;]<\/p>\n","protected":false},"author":1,"featured_media":0,"parent":0,"menu_order":0,"comment_status":"closed","ping_status":"open","template":"","meta":{"iawp_total_views":33,"footnotes":""},"class_list":["post-2","page","type-page","status-publish","hentry"],"_links":{"self":[{"href":"https:\/\/dariajordan.eu\/index.php\/wp-json\/wp\/v2\/pages\/2","targetHints":{"allow":["GET"]}}],"collection":[{"href":"https:\/\/dariajordan.eu\/index.php\/wp-json\/wp\/v2\/pages"}],"about":[{"href":"https:\/\/dariajordan.eu\/index.php\/wp-json\/wp\/v2\/types\/page"}],"author":[{"embeddable":true,"href":"https:\/\/dariajordan.eu\/index.php\/wp-json\/wp\/v2\/users\/1"}],"replies":[{"embeddable":true,"href":"https:\/\/dariajordan.eu\/index.php\/wp-json\/wp\/v2\/comments?post=2"}],"version-history":[{"count":10,"href":"https:\/\/dariajordan.eu\/index.php\/wp-json\/wp\/v2\/pages\/2\/revisions"}],"predecessor-version":[{"id":433,"href":"https:\/\/dariajordan.eu\/index.php\/wp-json\/wp\/v2\/pages\/2\/revisions\/433"}],"wp:attachment":[{"href":"https:\/\/dariajordan.eu\/index.php\/wp-json\/wp\/v2\/media?parent=2"}],"curies":[{"name":"wp","href":"https:\/\/api.w.org\/{rel}","templated":true}]}}